{"id":7909,"date":"2022-10-28T06:39:12","date_gmt":"2022-10-28T06:39:12","guid":{"rendered":"https:\/\/villagesvip.fr\/?page_id=7909"},"modified":"2023-11-22T08:15:20","modified_gmt":"2023-11-22T08:15:20","slug":"commerces-hebergements-domme","status":"publish","type":"page","link":"https:\/\/villagesvip.fr\/?page_id=7909","title":{"rendered":"Commerces &#038; H\u00e9bergements Domme"},"content":{"rendered":"<div data-colibri-id=\"7909-c1\" class=\"style-16916 style-local-7909-c1 position-relative\">\n  <!---->\n  <div data-colibri-component=\"section\" data-colibri-id=\"7909-c2\" id=\"custom\" class=\"h-section h-section-global-spacing d-flex align-items-lg-center align-items-md-center align-items-center style-16917 style-local-7909-c2 position-relative\">\n    <!---->\n    <!---->\n    <div class=\"h-section-grid-container h-section-boxed-container\">\n      <!---->\n      <div data-colibri-id=\"7909-c3\" class=\"h-row-container gutters-row-lg-2 gutters-row-md-2 gutters-row-0 gutters-row-v-lg-2 gutters-row-v-md-2 gutters-row-v-2 style-16918 style-local-7909-c3 position-relative\">\n        <!---->\n        <div class=\"h-row justify-content-lg-center justify-content-md-center justify-content-center align-items-lg-stretch align-items-md-stretch align-items-stretch gutters-col-lg-2 gutters-col-md-2 gutters-col-0 gutters-col-v-lg-2 gutters-col-v-md-2 gutters-col-v-2\">\n          <!---->\n          <div class=\"h-column h-column-container d-flex h-col-lg-auto h-col-md-auto h-col-auto style-16919-outer style-local-7909-c4-outer\">\n            <div data-colibri-id=\"7909-c4\" class=\"d-flex h-flex-basis h-column__inner h-px-lg-2 h-px-md-2 h-px-2 v-inner-lg-2 v-inner-md-2 v-inner-2 style-16919 style-local-7909-c4 position-relative\">\n              <!---->\n              <!---->\n              <div class=\"w-100 h-y-container h-column__content h-column__v-align flex-basis-100 align-self-lg-start align-self-md-start align-self-start\">\n                <!---->\n                <div data-colibri-id=\"7909-c5\" class=\"d-block style-16920 style-local-7909-c5 position-relative h-element\">\n                  <!---->\n                  <div class=\"h-image__frame-container-outer\">\n                    <div class=\"h-image__frame-container\">\n                      <!---->\n                      <!---->\n                      <img decoding=\"async\" src=\"https:\/\/villagesvip.fr\/wp-content\/uploads\/2022\/04\/cropped-cropped-VillagesVip-2-150x150.png\" class=\"style-16920-image style-local-7909-c5-image\">\n                      <div class=\"h-image__frame h-hide-lg h-hide-md h-hide-sm style-16920-frameImage style-local-7909-c5-frameImage\"><\/div>\n                    <\/div>\n                  <\/div>\n                <\/div>\n              <\/div>\n            <\/div>\n          <\/div>\n        <\/div>\n      <\/div>\n      <div data-colibri-id=\"7909-c14\" class=\"h-row-container gutters-row-lg-2 gutters-row-md-2 gutters-row-0 gutters-row-v-lg-2 gutters-row-v-md-2 gutters-row-v-2 style-16928 style-local-7909-c14 position-relative\">\n        <!---->\n        <div class=\"h-row justify-content-lg-center justify-content-md-center justify-content-center align-items-lg-stretch align-items-md-stretch align-items-stretch gutters-col-lg-2 gutters-col-md-2 gutters-col-0 gutters-col-v-lg-2 gutters-col-v-md-2 gutters-col-v-2\">\n          <!---->\n          <div class=\"h-column h-column-container d-flex h-col-lg-auto h-col-md-auto h-col-auto style-16929-outer style-local-7909-c15-outer\">\n            <div data-colibri-id=\"7909-c15\" class=\"d-flex h-flex-basis h-column__inner h-px-lg-2 h-px-md-2 h-px-2 v-inner-lg-2 v-inner-md-2 v-inner-2 style-16929 style-local-7909-c15 position-relative\">\n              <!---->\n              <!---->\n              <div class=\"w-100 h-y-container h-column__content h-column__v-align flex-basis-100 align-self-lg-start align-self-md-start align-self-start\">\n                <!---->\n                <div data-colibri-id=\"7909-c16\" class=\"h-global-transition-all h-heading style-16930 style-local-7909-c16 position-relative h-element\">\n                  <!---->\n                  <div class=\"h-heading__outer style-16930 style-local-7909-c16\">\n                    <!---->\n                    <!---->\n                    <h4 class=\"\">Commerces &amp; H\u00e9bergements<\/h4>\n                  <\/div>\n                <\/div>\n              <\/div>\n            <\/div>\n          <\/div>\n        <\/div>\n      <\/div>\n    <\/div>\n  <\/div>\n  <div data-colibri-component=\"section\" data-colibri-id=\"7909-c6\" id=\"custom-2\" class=\"h-section h-section-global-spacing d-flex align-items-lg-center align-items-md-center align-items-center style-16921 style-local-7909-c6 position-relative\">\n    <!---->\n    <!---->\n    <div class=\"h-section-grid-container h-section-boxed-container\">\n      <!---->\n      <div data-colibri-id=\"7909-c7\" class=\"h-row-container gutters-row-lg-2 gutters-row-md-2 gutters-row-0 gutters-row-v-lg-2 gutters-row-v-md-2 gutters-row-v-2 style-16922 style-local-7909-c7 position-relative\">\n        <!---->\n        <div class=\"h-row justify-content-lg-center justify-content-md-center justify-content-center align-items-lg-stretch align-items-md-stretch align-items-stretch gutters-col-lg-2 gutters-col-md-2 gutters-col-0 gutters-col-v-lg-2 gutters-col-v-md-2 gutters-col-v-2\">\n          <!---->\n          <div class=\"h-column h-column-container d-flex h-col-lg-auto h-col-md-auto h-col-auto style-16923-outer style-local-7909-c8-outer\">\n            <div data-colibri-id=\"7909-c8\" class=\"d-flex h-flex-basis h-column__inner h-px-lg-2 h-px-md-2 h-px-2 v-inner-lg-2 v-inner-md-2 v-inner-2 style-16923 style-local-7909-c8 position-relative\">\n              <!---->\n              <!---->\n              <div class=\"w-100 h-y-container h-column__content h-column__v-align flex-basis-100 align-self-lg-start align-self-md-start align-self-start\">\n                <!---->\n                <div data-colibri-id=\"7909-c9\" class=\"h-text h-text-component style-16924 style-local-7909-c9 position-relative h-element\">\n                  <!---->\n                  <!---->\n                  <div class=\"\">\n                    <p>\u00ab&nbsp;La Commune dispose de 20 restaurants (gastronomie r\u00e9gionale, pizz\u00e9ria, bistrot, cr\u00eaperie, \u2026) dont certains sont ouverts toute l\u2019ann\u00e9e proposant des menus vari\u00e9s avec des produits locaux. L\u2019un d\u2019entre eux offre des sp\u00e9cialit\u00e9s\n                      vietnamiennes.&nbsp;<\/p>\n                  <\/div>\n                <\/div>\n                <div data-colibri-id=\"7909-c12\" class=\"h-divider style-16926 style-local-7909-c12 position-relative h-element\">\n                  <!----><span class=\"h-divider__line style-16926-line style-local-7909-c12-line style-16926-line style-local-7909-c12-line\"><\/span> <span class=\"h-svg-icon h-divider__icon style-16926-icon style-local-7909-c12-icon\"><!--Icon by Font Awesome (https:\/\/fontawesome.com)-->\n    <svg version=\"1.1\" xmlns=\"http:\/\/www.w3.org\/2000\/svg\" xmlns:xlink=\"http:\/\/www.w3.org\/1999\/xlink\" id=\"spoon\" viewBox=\"0 0 1071.2946 1896.0833\">\n      <path d=\"M704 528q0 145-57 243.5T495 907l45 821q2 26-16 45t-44 19H288q-26 0-44-19t-16-45l45-821q-95-37-152-135.5T64 528q0-128 42.5-249.5T224 78.5 384 0t160 78.5 117.5 200T704 528z\"><\/path>\n    <\/svg><\/span> <span class=\"h-divider__line style-16926-line style-local-7909-c12-line style-16926-line style-local-7909-c12-line\"><\/span><\/div>\n                <div data-colibri-id=\"7909-c10\" class=\"h-text h-text-component style-16924 style-local-7909-c10 position-relative h-element\">\n                  <!---->\n                  <!---->\n                  <div class=\"\">\n                    <p>En p\u00e9riode estivale, il est possible de trouver \u00e9galement de la restauration rapide ou \u00e0 emporter ainsi que des gourmandises. Dans la Grand\u2019Rue, Place de la Rode et Place de la Halle, on y trouve divers magasins (librairie, bijoux,\n                      v\u00eatements, cuir, produits r\u00e9gionaux, \u2026)<\/p>\n                  <\/div>\n                <\/div>\n                <div data-colibri-id=\"7909-c13\" class=\"h-divider style-16927 style-local-7909-c13 position-relative h-element\">\n                  <!----><span class=\"h-divider__line style-16927-line style-local-7909-c13-line style-16927-line style-local-7909-c13-line\"><\/span> <span class=\"h-svg-icon h-divider__icon style-16927-icon style-local-7909-c13-icon\"><!--Icon by Material Icons (https:\/\/material.io)--><svg version=\"1.1\" xmlns=\"http:\/\/www.w3.org\/2000\/svg\" xmlns:xlink=\"http:\/\/www.w3.org\/1999\/xlink\" id=\"local_grocery_store\" viewBox=\"0 0 512 512\"><path d=\"M333 397q13-13 30-13t29.5 13q12.5 13 12.5 30t-12.5 29.5Q380 469 363 469t-30-12.5Q320 444 320 427t13-30zM21 43h70l20 42h316q9 0 15 6.5t6 15.5q0 5-3 10l-76 138q-12 22-37 22H173l-19 35-1 3q0 5 5 5h247v43H149q-17 0-29.5-13T107 320q0-10 5-20l29-53L64 85H21V43zm98.5 354q12.5-13 29.5-13t30 13q13 13 13 30t-13 29.5Q166 469 149 469t-29.5-12.5Q107 444 107 427t12.5-30z\"><\/path><\/svg><\/span>                  <span class=\"h-divider__line style-16927-line style-local-7909-c13-line style-16927-line style-local-7909-c13-line\"><\/span><\/div>\n                <div data-colibri-id=\"7909-c11\" class=\"h-text h-text-component style-16924 style-local-7909-c11 position-relative h-element\">\n                  <!---->\n                  <!---->\n                  <div class=\"\">\n                    <p>Par ailleurs, une \u00e9picerie est ouverte \u00e0 l\u2019ann\u00e9e.<\/p>\n                  <\/div>\n                <\/div>\n                <div data-colibri-id=\"7909-c18\" class=\"h-divider style-16933 style-local-7909-c18 position-relative h-element\">\n                  <!----><span class=\"h-divider__line style-16933-line style-local-7909-c18-line style-16933-line style-local-7909-c18-line\"><\/span> <span class=\"h-svg-icon h-divider__icon style-16933-icon style-local-7909-c18-icon\"><!--Icon by Font Awesome (https:\/\/fontawesome.com)-->\n    <svg version=\"1.1\" xmlns=\"http:\/\/www.w3.org\/2000\/svg\" xmlns:xlink=\"http:\/\/www.w3.org\/1999\/xlink\" id=\"hotel\" viewBox=\"0 0 2048 1896.0833\">\n      <path d=\"M256 1024h1728q26 0 45 19t19 45v448h-256v-256H256v256H0V320q0-26 19-45t45-19h128q26 0 45 19t19 45v704zm576-320q0-106-75-181t-181-75-181 75-75 181 75 181 181 75 181-75 75-181zm1216 256v-64q0-159-112.5-271.5T1664 512H960q-26 0-45 19t-19 45v384h1152z\"><\/path>\n    <\/svg><\/span> <span class=\"h-divider__line style-16933-line style-local-7909-c18-line style-16933-line style-local-7909-c18-line\"><\/span><\/div>\n                <div data-colibri-id=\"7909-c17\" class=\"h-text h-text-component style-16931 style-local-7909-c17 position-relative h-element\">\n                  <!---->\n                  <!---->\n                  <div class=\"\">\n                    <p>S\u2019agissant des h\u00e9bergements, il convient de se rapprocher de l\u2019Office de Tourisme qui d\u00e9tient toutes les informations utiles (g\u00eetes, chambres d\u2019h\u00f4tes, h\u00f4tels, villages vacances, \u2026.).<\/p>\n                  <\/div>\n                <\/div>\n              <\/div>\n            <\/div>\n          <\/div>\n        <\/div>\n      <\/div>\n    <\/div>\n  <\/div>\n<\/div>","protected":false},"excerpt":{"rendered":"<p>Commerces &amp; H\u00e9bergements \u00ab&nbsp;La Commune dispose de 20 restaurants (gastronomie r\u00e9gionale, pizz\u00e9ria, bistrot, cr\u00eaperie, \u2026) dont certains sont ouverts toute l\u2019ann\u00e9e proposant des menus vari\u00e9s avec des produits locaux. L\u2019un d\u2019entre eux offre des sp\u00e9cialit\u00e9s vietnamiennes.&nbsp; En p\u00e9riode estivale, il est possible de trouver \u00e9galement de la restauration rapide ou \u00e0 emporter ainsi que des [&hellip;]<\/p>\n","protected":false},"author":1,"featured_media":0,"parent":0,"menu_order":0,"comment_status":"closed","ping_status":"closed","template":"page-templates\/full-width-page.php","meta":{"footnotes":""},"folder":[9],"class_list":["post-7909","page","type-page","status-publish","hentry"],"_links":{"self":[{"href":"https:\/\/villagesvip.fr\/index.php?rest_route=\/wp\/v2\/pages\/7909","targetHints":{"allow":["GET"]}}],"collection":[{"href":"https:\/\/villagesvip.fr\/index.php?rest_route=\/wp\/v2\/pages"}],"about":[{"href":"https:\/\/villagesvip.fr\/index.php?rest_route=\/wp\/v2\/types\/page"}],"author":[{"embeddable":true,"href":"https:\/\/villagesvip.fr\/index.php?rest_route=\/wp\/v2\/users\/1"}],"replies":[{"embeddable":true,"href":"https:\/\/villagesvip.fr\/index.php?rest_route=%2Fwp%2Fv2%2Fcomments&post=7909"}],"version-history":[{"count":0,"href":"https:\/\/villagesvip.fr\/index.php?rest_route=\/wp\/v2\/pages\/7909\/revisions"}],"wp:attachment":[{"href":"https:\/\/villagesvip.fr\/index.php?rest_route=%2Fwp%2Fv2%2Fmedia&parent=7909"}],"wp:term":[{"taxonomy":"folder","embeddable":true,"href":"https:\/\/villagesvip.fr\/index.php?rest_route=%2Fwp%2Fv2%2Ffolder&post=7909"}],"curies":[{"name":"wp","href":"https:\/\/api.w.org\/{rel}","templated":true}]}}