{"id":4260,"date":"2022-03-14T04:14:07","date_gmt":"2022-03-14T04:14:07","guid":{"rendered":"https:\/\/villagesvip.fr\/?page_id=4260"},"modified":"2024-04-10T04:17:14","modified_gmt":"2024-04-10T04:17:14","slug":"animations-spectacles","status":"publish","type":"page","link":"https:\/\/villagesvip.fr\/?page_id=4260","title":{"rendered":"Animations &#038; spectacles"},"content":{"rendered":"<div data-colibri-id=\"4260-c1\" class=\"style-3400 style-local-4260-c1 position-relative\">\n  <!---->\n  <div data-colibri-component=\"section\" data-colibri-id=\"4260-c2\" id=\"custom\" class=\"h-section h-section-global-spacing d-flex align-items-lg-center align-items-md-center align-items-center style-3401 style-local-4260-c2 position-relative\">\n    <!---->\n    <!---->\n    <div class=\"h-section-grid-container h-section-boxed-container\">\n      <!---->\n      <div data-colibri-id=\"4260-c3\" class=\"h-row-container gutters-row-lg-2 gutters-row-md-2 gutters-row-0 gutters-row-v-lg-2 gutters-row-v-md-2 gutters-row-v-2 style-3409 style-local-4260-c3 position-relative\">\n        <!---->\n        <div class=\"h-row justify-content-lg-center justify-content-md-center justify-content-center align-items-lg-stretch align-items-md-stretch align-items-stretch gutters-col-lg-2 gutters-col-md-2 gutters-col-0 gutters-col-v-lg-2 gutters-col-v-md-2 gutters-col-v-2\">\n          <!---->\n          <div class=\"h-column h-column-container d-flex h-col-lg-auto h-col-md-auto h-col-auto style-3410-outer style-local-4260-c4-outer\">\n            <div data-colibri-id=\"4260-c4\" class=\"d-flex h-flex-basis h-column__inner h-px-lg-2 h-px-md-2 h-px-2 v-inner-lg-2 v-inner-md-2 v-inner-2 style-3410 style-local-4260-c4 position-relative\">\n              <!---->\n              <!---->\n              <div class=\"w-100 h-y-container h-column__content h-column__v-align flex-basis-100 align-self-lg-start align-self-md-start align-self-start\">\n                <!---->\n                <div data-colibri-id=\"4260-c5\" class=\"d-block style-3411 style-local-4260-c5 position-relative h-element\">\n                  <!---->\n                  <div class=\"h-image__frame-container-outer\">\n                    <div class=\"h-image__frame-container\">\n                      <!---->\n                      <!---->\n                      <img decoding=\"async\" src=\"https:\/\/i0.wp.com\/villagesvip.fr\/wp-content\/uploads\/2021\/11\/cropped-cropped-cropped-cropped-cropped-cropped-cropped-cropped-cropped-cropped-cropped-cropped-cropped-cropped-cropped-cropped-cropped-cropped-cropped-cropped-Copie-de-Copie-de-Village-3-1-1-2-3.png?resize=150%2C150&amp;ssl=1\"\n                        class=\"style-3411-image style-local-4260-c5-image\">\n                      <div class=\"h-image__frame h-hide-lg h-hide-md h-hide-sm style-3411-frameImage style-local-4260-c5-frameImage\"><\/div>\n                    <\/div>\n                  <\/div>\n                <\/div>\n                <div data-colibri-id=\"4260-c6\" class=\"h-global-transition-all h-heading style-3412 style-local-4260-c6 position-relative h-element\">\n                  <!---->\n                  <div class=\"h-heading__outer style-3412 style-local-4260-c6\">\n                    <!---->\n                    <!---->\n                    <h4 class=\"\">Animations &amp; Spectacles<\/h4>\n                  <\/div>\n                <\/div>\n              <\/div>\n            <\/div>\n          <\/div>\n        <\/div>\n      <\/div>\n      <div data-colibri-id=\"4260-c7\" class=\"h-row-container gutters-row-lg-2 gutters-row-md-2 gutters-row-0 gutters-row-v-lg-2 gutters-row-v-md-2 gutters-row-v-2 style-3413 style-local-4260-c7 position-relative\">\n        <!---->\n        <div class=\"h-row justify-content-lg-center justify-content-md-center justify-content-center align-items-lg-stretch align-items-md-stretch align-items-stretch gutters-col-lg-2 gutters-col-md-2 gutters-col-0 gutters-col-v-lg-2 gutters-col-v-md-2 gutters-col-v-2\">\n          <!---->\n          <div class=\"h-column h-column-container d-flex h-col-lg-auto h-col-md-auto h-col-auto style-3414-outer style-local-4260-c8-outer\">\n            <div data-colibri-id=\"4260-c8\" class=\"d-flex h-flex-basis h-column__inner h-px-lg-2 h-px-md-2 h-px-2 v-inner-lg-2 v-inner-md-2 v-inner-2 style-3414 style-local-4260-c8 position-relative\">\n              <!---->\n              <!---->\n              <div class=\"w-100 h-y-container h-column__content h-column__v-align flex-basis-100 align-self-lg-start align-self-md-start align-self-start\">\n                <!---->\n                <div data-colibri-id=\"4260-c9\" class=\"h-text h-text-component style-3415 style-local-4260-c9 position-relative h-element\">\n                  <!---->\n                  <!---->\n                  <div class=\"\">\n                    <p>Programme 2024<\/p>\n                  <\/div>\n                <\/div>\n              <\/div>\n            <\/div>\n          <\/div>\n        <\/div>\n      <\/div>\n      <div data-colibri-id=\"4260-c10\" class=\"h-row-container gutters-row-lg-2 gutters-row-md-0 gutters-row-0 gutters-row-v-lg-2 gutters-row-v-md-0 gutters-row-v-0 style-3402 style-local-4260-c10 position-relative\">\n        <!---->\n        <div class=\"h-row justify-content-lg-center justify-content-md-center justify-content-center align-items-lg-stretch align-items-md-stretch align-items-stretch gutters-col-lg-2 gutters-col-md-0 gutters-col-0 gutters-col-v-lg-2 gutters-col-v-md-0 gutters-col-v-0\">\n          <!---->\n          <div class=\"h-column h-column-container d-flex h-col-lg-12 h-col-md-12 h-col-12 style-3403-outer style-local-4260-c11-outer\">\n            <div data-colibri-id=\"4260-c11\" class=\"d-flex h-flex-basis h-column__inner h-px-lg-2 h-px-md-0 h-px-2 v-inner-lg-2 v-inner-md-0 v-inner-2 style-3403 style-local-4260-c11 position-relative\">\n              <!---->\n              <!---->\n              <div class=\"w-100 h-y-container h-column__content h-column__v-align flex-basis-100 align-self-lg-start align-self-md-start align-self-start\">\n                <!---->\n                <div data-colibri-id=\"4260-c18\" class=\"h-text h-text-component style-3436 style-local-4260-c18 position-relative h-element\">\n                  <!---->\n                  <!---->\n                  <div class=\"\">\n                    <p><span style=\"color: rgb(34, 34, 34); font-family: Muli; font-size: 17.3333px; font-weight: 400;\">Samedi 22 juin 2024<\/span><\/p>\n                  <\/div>\n                <\/div>\n                <div data-colibri-id=\"4260-c19\" class=\"h-text h-text-component style-3436 style-local-4260-c19 position-relative h-element\">\n                  <!---->\n                  <!---->\n                  <div class=\"\">\n                    <p>F\u00eate de la Saint Jean<\/p>\n                  <\/div>\n                <\/div>\n                <div data-colibri-id=\"4260-c20\" class=\"h-divider style-3447 style-local-4260-c20 position-relative h-element\">\n                  <!----><span class=\"h-divider__line style-3447-line style-local-4260-c20-line style-3447-line style-local-4260-c20-line\"><\/span><\/div>\n              <\/div>\n            <\/div>\n          <\/div>\n          <div class=\"h-column h-column-container d-flex h-col-lg-12 h-col-md-12 h-col-12 style-3405-outer style-local-4260-c21-outer\">\n            <div data-colibri-id=\"4260-c21\" class=\"d-flex h-flex-basis h-column__inner h-px-lg-2 h-px-md-0 h-px-2 v-inner-lg-2 v-inner-md-0 v-inner-2 style-3405 style-local-4260-c21 position-relative\">\n              <!---->\n              <!---->\n              <div class=\"w-100 h-y-container h-column__content h-column__v-align flex-basis-100 align-self-lg-start align-self-md-start align-self-start\">\n                <!---->\n                <div data-colibri-id=\"4260-c22\" class=\"h-text h-text-component style-3436 style-local-4260-c22 position-relative h-element\">\n                  <!---->\n                  <!---->\n                  <div class=\"\">\n                    <p><span style=\"font-weight: 400; font-size: 17.3333px; font-family: Muli; color: rgb(34, 34, 34);\">Vendredi 14 juillet 2024<\/span><\/p>\n                  <\/div>\n                <\/div>\n                <div data-colibri-id=\"4260-c23\" class=\"h-text h-text-component style-3436 style-local-4260-c23 position-relative h-element\">\n                  <!---->\n                  <!---->\n                  <div class=\"\">\n                    <p>Vide-grenier<\/p>\n                  <\/div>\n                <\/div>\n                <div data-colibri-id=\"4260-c24\" class=\"h-divider style-3443 style-local-4260-c24 position-relative h-element\">\n                  <!----><span class=\"h-divider__line style-3443-line style-local-4260-c24-line style-3443-line style-local-4260-c24-line\"><\/span><\/div>\n                <div data-colibri-id=\"4260-c30\" class=\"h-text h-text-component style-3436 style-local-4260-c30 position-relative h-element\">\n                  <!---->\n                  <!---->\n                  <div class=\"\">\n                    <p><span style=\"font-weight: 400; font-size: 17.3333px; font-family: Muli; color: rgb(34, 34, 34);\">Samedi 27 juillet 2024<\/span><\/p>\n                  <\/div>\n                <\/div>\n                <div data-colibri-id=\"4260-c31\" class=\"h-text h-text-component style-3436 style-local-4260-c31 position-relative h-element\">\n                  <!---->\n                  <!---->\n                  <div class=\"\">\n                    <p>Concert des Trompes de chasse<\/p>\n                  <\/div>\n                <\/div>\n              <\/div>\n            <\/div>\n          <\/div>\n          <div class=\"h-column h-column-container d-flex h-col-lg-12 h-col-md-12 h-col-12 style-3406-outer style-local-4260-c25-outer\">\n            <div data-colibri-id=\"4260-c25\" class=\"d-flex h-flex-basis h-column__inner h-px-lg-2 h-px-md-0 h-px-2 v-inner-lg-2 v-inner-md-0 v-inner-2 style-3406 style-local-4260-c25 position-relative\">\n              <!---->\n              <!---->\n              <div class=\"w-100 h-y-container h-column__content h-column__v-align flex-basis-100 align-self-lg-start align-self-md-start align-self-start\">\n                <!---->\n                <div data-colibri-id=\"4260-c28\" class=\"h-divider style-3441 style-local-4260-c28 position-relative h-element\">\n                  <!----><span class=\"h-divider__line style-3441-line style-local-4260-c28-line style-3441-line style-local-4260-c28-line\"><\/span><\/div>\n              <\/div>\n            <\/div>\n          <\/div>\n          <div class=\"h-column h-column-container d-flex h-col-lg-12 h-col-md-12 h-col-12 style-3407-outer style-local-4260-c29-outer\">\n            <div data-colibri-id=\"4260-c29\" class=\"d-flex h-flex-basis h-column__inner h-px-lg-2 h-px-md-0 h-px-2 v-inner-lg-2 v-inner-md-0 v-inner-2 style-3407 style-local-4260-c29 position-relative\">\n              <!---->\n              <!---->\n              <div class=\"w-100 h-y-container h-column__content h-column__v-align flex-basis-100 align-self-lg-start align-self-md-start align-self-start\">\n                <!---->\n                <div data-colibri-id=\"4260-c26\" class=\"h-text h-text-component style-3436 style-local-4260-c26 position-relative h-element\">\n                  <!---->\n                  <!---->\n                  <div class=\"\">\n                    <p><span style=\"font-family: Muli;\">Samedi 10 ao\u00fbt 2024<\/span><\/p>\n                  <\/div>\n                <\/div>\n                <div data-colibri-id=\"4260-c27\" class=\"h-text h-text-component style-3436 style-local-4260-c27 position-relative h-element\">\n                  <!---->\n                  <!---->\n                  <div class=\"\">\n                    <p>Nuit des Etoiles<\/p>\n                  <\/div>\n                <\/div>\n                <div data-colibri-id=\"4260-c32\" class=\"h-divider style-3439 style-local-4260-c32 position-relative h-element\">\n                  <!----><span class=\"h-divider__line style-3439-line style-local-4260-c32-line style-3439-line style-local-4260-c32-line\"><\/span><\/div>\n                <div data-colibri-id=\"4260-c33\" class=\"h-text h-text-component style-3437 style-local-4260-c33 position-relative h-element\">\n                  <!---->\n                  <!---->\n                  <div class=\"\">\n                    <p><span style=\"font-weight: 400; font-size: 17.3333px; font-family: Muli; color: rgb(34, 34, 34);\">Jeudi 15 ao\u00fbt 2024<\/span><\/p>\n                  <\/div>\n                <\/div>\n                <div data-colibri-id=\"4260-c34\" class=\"h-text h-text-component style-3436 style-local-4260-c34 position-relative h-element\">\n                  <!---->\n                  <!---->\n                  <div class=\"\">\n                    <p>La f\u00eate du 15 ao\u00fbt<\/p>\n                  <\/div>\n                <\/div>\n                <div data-colibri-id=\"4260-c35\" class=\"h-divider style-3451 style-local-4260-c35 position-relative h-element\">\n                  <!----><span class=\"h-divider__line style-3451-line style-local-4260-c35-line style-3451-line style-local-4260-c35-line\"><\/span><\/div>\n              <\/div>\n            <\/div>\n          <\/div>\n          <div class=\"h-column h-column-container d-flex h-col-lg-12 h-col-md-12 h-col-12 style-3408-outer style-local-4260-c36-outer\">\n            <div data-colibri-id=\"4260-c36\" class=\"d-flex h-flex-basis h-column__inner h-px-lg-2 h-px-md-0 h-px-2 v-inner-lg-2 v-inner-md-0 v-inner-2 style-3408 style-local-4260-c36 position-relative\">\n              <!---->\n              <!---->\n              <div class=\"w-100 h-y-container h-column__content h-column__v-align flex-basis-100 align-self-lg-start align-self-md-start align-self-start\">\n                <!---->\n                <div data-colibri-id=\"4260-c37\" class=\"h-text h-text-component style-3421 style-local-4260-c37 position-relative h-element\">\n                  <!---->\n                  <!---->\n                  <div class=\"\">\n                    <p><span style=\"font-weight: 400; font-size: 17.3333px; font-family: Muli; color: rgb(34, 34, 34);\">Dimanche 8 septembre 2024<\/span><\/p>\n                  <\/div>\n                <\/div>\n                <div data-colibri-id=\"4260-c38\" class=\"h-text h-text-component style-3436 style-local-4260-c38 position-relative h-element\">\n                  <!---->\n                  <!---->\n                  <div class=\"\">\n                    <p>Festival prendre soin de soi<\/p>\n                  <\/div>\n                <\/div>\n                <div data-colibri-id=\"4260-c39\" class=\"h-divider style-3453 style-local-4260-c39 position-relative h-element\">\n                  <!----><span class=\"h-divider__line style-3453-line style-local-4260-c39-line style-3453-line style-local-4260-c39-line\"><\/span><\/div>\n              <\/div>\n            <\/div>\n          <\/div>\n        <\/div>\n      <\/div>\n      <div data-colibri-id=\"4260-c40\" class=\"h-row-container gutters-row-lg-2 gutters-row-md-0 gutters-row-0 gutters-row-v-lg-2 gutters-row-v-md-0 gutters-row-v-2 style-3422 style-local-4260-c40 position-relative\">\n        <!---->\n        <div class=\"h-row justify-content-lg-center justify-content-md-center justify-content-center align-items-lg-stretch align-items-md-stretch align-items-stretch gutters-col-lg-2 gutters-col-md-0 gutters-col-0 gutters-col-v-lg-2 gutters-col-v-md-0 gutters-col-v-2\">\n          <!---->\n          <div class=\"h-column h-column-container d-flex h-col-lg-auto h-col-md-auto h-col-auto style-3423-outer style-local-4260-c41-outer\">\n            <div data-colibri-id=\"4260-c41\" class=\"d-flex h-flex-basis h-column__inner h-px-lg-2 h-px-md-0 h-px-2 v-inner-lg-2 v-inner-md-0 v-inner-2 style-3423 style-local-4260-c41 position-relative\">\n              <!---->\n              <!---->\n              <div class=\"w-100 h-y-container h-column__content h-column__v-align flex-basis-100 align-self-lg-start align-self-md-start align-self-start\">\n                <!---->\n                <div data-colibri-id=\"4260-c42\" class=\"h-text h-text-component style-3424 style-local-4260-c42 position-relative h-element\">\n                  <!---->\n                  <!---->\n                  <div class=\"\">\n                    <p><span style=\"color: rgb(34, 34, 34); font-family: Muli; font-size: 17.3333px; font-weight: 400;\">Samedi 14 et dimanche 15 septembre 2024<\/span><\/p>\n                  <\/div>\n                <\/div>\n                <div data-colibri-id=\"4260-c43\" class=\"h-text h-text-component style-3436 style-local-4260-c43 position-relative h-element\">\n                  <!---->\n                  <!---->\n                  <div class=\"\">\n                    <p>Journ\u00e9es du patrimoine<\/p>\n                  <\/div>\n                <\/div>\n                <div data-colibri-id=\"4260-c47\" class=\"h-divider style-3453 style-local-4260-c47 position-relative h-element\">\n                  <!----><span class=\"h-divider__line style-3453-line style-local-4260-c47-line style-3453-line style-local-4260-c47-line\"><\/span><\/div>\n              <\/div>\n            <\/div>\n          <\/div>\n        <\/div>\n      <\/div>\n      <div data-colibri-id=\"4260-c45\" class=\"h-row-container gutters-row-lg-2 gutters-row-md-2 gutters-row-0 gutters-row-v-lg-2 gutters-row-v-md-2 gutters-row-v-2 style-16972 style-local-4260-c45 position-relative\">\n        <!---->\n        <div class=\"h-row justify-content-lg-center justify-content-md-center justify-content-center align-items-lg-stretch align-items-md-stretch align-items-stretch gutters-col-lg-2 gutters-col-md-2 gutters-col-0 gutters-col-v-lg-2 gutters-col-v-md-2 gutters-col-v-2\">\n          <!---->\n          <div class=\"h-column h-column-container d-flex h-col-lg-auto h-col-md-auto h-col-auto style-16973-outer style-local-4260-c46-outer\">\n            <div data-colibri-id=\"4260-c46\" class=\"d-flex h-flex-basis h-column__inner h-px-lg-2 h-px-md-2 h-px-2 v-inner-lg-2 v-inner-md-2 v-inner-2 style-16973 style-local-4260-c46 position-relative\">\n              <!---->\n              <!---->\n              <div class=\"w-100 h-y-container h-column__content h-column__v-align flex-basis-100 align-self-lg-start align-self-md-start align-self-start\">\n                <!---->\n                <div data-colibri-id=\"4260-c48\" class=\"h-text h-text-component style-3424 style-local-4260-c48 position-relative h-element\">\n                  <!---->\n                  <!---->\n                  <div class=\"\">\n                    <p><span style=\"font-weight: 400; font-size: 17.3333px; font-family: Muli; color: rgb(34, 34, 34);\">Dimanche 6 octobre 2024<\/span><\/p>\n                  <\/div>\n                <\/div>\n                <div data-colibri-id=\"4260-c49\" class=\"h-text h-text-component style-3436 style-local-4260-c49 position-relative h-element\">\n                  <!---->\n                  <!---->\n                  <div class=\"\">\n                    <p>Octobre rose<\/p>\n                  <\/div>\n                <\/div>\n                <div data-colibri-id=\"4260-c50\" class=\"h-divider style-3453 style-local-4260-c50 position-relative h-element\">\n                  <!----><span class=\"h-divider__line style-3453-line style-local-4260-c50-line style-3453-line style-local-4260-c50-line\"><\/span><\/div>\n              <\/div>\n            <\/div>\n          <\/div>\n        <\/div>\n      <\/div>\n      <div data-colibri-id=\"4260-c52\" class=\"h-row-container gutters-row-lg-2 gutters-row-md-2 gutters-row-0 gutters-row-v-lg-2 gutters-row-v-md-2 gutters-row-v-2 style-16974 style-local-4260-c52 position-relative\">\n        <!---->\n        <div class=\"h-row justify-content-lg-center justify-content-md-center justify-content-center align-items-lg-stretch align-items-md-stretch align-items-stretch gutters-col-lg-2 gutters-col-md-2 gutters-col-0 gutters-col-v-lg-2 gutters-col-v-md-2 gutters-col-v-2\">\n          <!---->\n          <div class=\"h-column h-column-container d-flex h-col-lg-auto h-col-md-auto h-col-auto style-16975-outer style-local-4260-c53-outer\">\n            <div data-colibri-id=\"4260-c53\" class=\"d-flex h-flex-basis h-column__inner h-px-lg-2 h-px-md-2 h-px-2 v-inner-lg-2 v-inner-md-2 v-inner-2 style-16975 style-local-4260-c53 position-relative\">\n              <!---->\n              <!---->\n              <div class=\"w-100 h-y-container h-column__content h-column__v-align flex-basis-100 align-self-lg-start align-self-md-start align-self-start\">\n                <!---->\n                <div data-colibri-id=\"4260-c54\" class=\"h-text h-text-component style-3424 style-local-4260-c54 position-relative h-element\">\n                  <!---->\n                  <!---->\n                  <div class=\"\">\n                    <p><span style=\"color: rgb(34, 34, 34); font-family: Muli; font-size: 17.3333px; font-weight: 400;\">Jeudi 31 octobre 2024<\/span><\/p>\n                  <\/div>\n                <\/div>\n                <div data-colibri-id=\"4260-c55\" class=\"h-text h-text-component style-3436 style-local-4260-c55 position-relative h-element\">\n                  <!---->\n                  <!---->\n                  <div class=\"\">\n                    <p>Halloween<\/p>\n                  <\/div>\n                <\/div>\n                <div data-colibri-id=\"4260-c56\" class=\"h-divider style-3453 style-local-4260-c56 position-relative h-element\">\n                  <!----><span class=\"h-divider__line style-3453-line style-local-4260-c56-line style-3453-line style-local-4260-c56-line\"><\/span><\/div>\n                <div data-colibri-id=\"4260-c57\" class=\"h-text h-text-component style-3424 style-local-4260-c57 position-relative h-element\">\n                  <!---->\n                  <!---->\n                  <div class=\"\">\n                    <p><span style=\"font-weight: 400; font-size: 17.3333px; font-family: Muli; color: rgb(34, 34, 34);\">Samedi 7 et Dimanche 8 d\u00e9cembre 2024<\/span><\/p>\n                  <\/div>\n                <\/div>\n                <div data-colibri-id=\"4260-c58\" class=\"h-text h-text-component style-3436 style-local-4260-c58 position-relative h-element\">\n                  <!---->\n                  <!---->\n                  <div class=\"\">\n                    <p>March\u00e9 de No\u00ebl<\/p>\n                  <\/div>\n                <\/div>\n              <\/div>\n            <\/div>\n          <\/div>\n        <\/div>\n      <\/div>\n    <\/div>\n  <\/div>\n<\/div>","protected":false},"excerpt":{"rendered":"<p>Animations &amp; Spectacles Programme 2024 Samedi 22 juin 2024 F\u00eate de la Saint Jean Vendredi 14 juillet 2024 Vide-grenier Samedi 27 juillet 2024 Concert des Trompes de chasse Samedi 10 ao\u00fbt 2024 Nuit des Etoiles Jeudi 15 ao\u00fbt 2024 La f\u00eate du 15 ao\u00fbt Dimanche 8 septembre 2024 Festival prendre soin de soi Samedi 14 [&hellip;]<\/p>\n","protected":false},"author":1,"featured_media":0,"parent":0,"menu_order":0,"comment_status":"closed","ping_status":"closed","template":"page-templates\/full-width-page.php","meta":{"footnotes":""},"folder":[10],"class_list":["post-4260","page","type-page","status-publish","hentry"],"_links":{"self":[{"href":"https:\/\/villagesvip.fr\/index.php?rest_route=\/wp\/v2\/pages\/4260","targetHints":{"allow":["GET"]}}],"collection":[{"href":"https:\/\/villagesvip.fr\/index.php?rest_route=\/wp\/v2\/pages"}],"about":[{"href":"https:\/\/villagesvip.fr\/index.php?rest_route=\/wp\/v2\/types\/page"}],"author":[{"embeddable":true,"href":"https:\/\/villagesvip.fr\/index.php?rest_route=\/wp\/v2\/users\/1"}],"replies":[{"embeddable":true,"href":"https:\/\/villagesvip.fr\/index.php?rest_route=%2Fwp%2Fv2%2Fcomments&post=4260"}],"version-history":[{"count":0,"href":"https:\/\/villagesvip.fr\/index.php?rest_route=\/wp\/v2\/pages\/4260\/revisions"}],"wp:attachment":[{"href":"https:\/\/villagesvip.fr\/index.php?rest_route=%2Fwp%2Fv2%2Fmedia&parent=4260"}],"wp:term":[{"taxonomy":"folder","embeddable":true,"href":"https:\/\/villagesvip.fr\/index.php?rest_route=%2Fwp%2Fv2%2Ffolder&post=4260"}],"curies":[{"name":"wp","href":"https:\/\/api.w.org\/{rel}","templated":true}]}}