{"id":11884,"date":"2023-04-18T23:56:57","date_gmt":"2023-04-18T23:56:57","guid":{"rendered":"https:\/\/villagesvip.fr\/?page_id=11884"},"modified":"2023-04-19T00:10:25","modified_gmt":"2023-04-19T00:10:25","slug":"animations-2","status":"publish","type":"page","link":"https:\/\/villagesvip.fr\/?page_id=11884","title":{"rendered":"Animations"},"content":{"rendered":"<div data-colibri-id=\"11884-c1\" class=\"style-13699 style-local-11884-c1 position-relative\">\n  <!---->\n  <div data-colibri-component=\"section\" data-colibri-id=\"11884-c2\" id=\"custom\" class=\"h-section h-section-global-spacing d-flex align-items-lg-center align-items-md-center align-items-center style-13700 style-local-11884-c2 position-relative\">\n    <!---->\n    <!---->\n    <div class=\"h-section-grid-container h-section-boxed-container\">\n      <!---->\n      <div data-colibri-id=\"11884-c3\" class=\"h-row-container gutters-row-lg-2 gutters-row-md-2 gutters-row-0 gutters-row-v-lg-2 gutters-row-v-md-2 gutters-row-v-2 style-13701 style-local-11884-c3 position-relative\">\n        <!---->\n        <div class=\"h-row justify-content-lg-center justify-content-md-center justify-content-center align-items-lg-stretch align-items-md-stretch align-items-stretch gutters-col-lg-2 gutters-col-md-2 gutters-col-0 gutters-col-v-lg-2 gutters-col-v-md-2 gutters-col-v-2\">\n          <!---->\n          <div class=\"h-column h-column-container d-flex h-col-lg-auto h-col-md-auto h-col-auto style-13702-outer style-local-11884-c4-outer\">\n            <div data-colibri-id=\"11884-c4\" class=\"d-flex h-flex-basis h-column__inner h-px-lg-2 h-px-md-2 h-px-2 v-inner-lg-2 v-inner-md-2 v-inner-2 style-13702 style-local-11884-c4 position-relative\">\n              <!---->\n              <!---->\n              <div class=\"w-100 h-y-container h-column__content h-column__v-align flex-basis-100 align-self-lg-start align-self-md-start align-self-start\">\n                <!---->\n                <div data-colibri-id=\"11884-c5\" class=\"d-block style-13703 style-local-11884-c5 position-relative h-element\">\n                  <!---->\n                  <div class=\"h-image__frame-container-outer\">\n                    <div class=\"h-image__frame-container\">\n                      <!---->\n                      <!---->\n                      <img decoding=\"async\" src=\"https:\/\/i0.wp.com\/villagesvip.fr\/wp-content\/uploads\/2022\/04\/cropped-cropped-VillagesVip-2.png?resize=150%2C150&amp;ssl=1\" class=\"style-13703-image style-local-11884-c5-image\">\n                      <div class=\"h-image__frame h-hide-lg h-hide-md h-hide-sm style-13703-frameImage style-local-11884-c5-frameImage\"><\/div>\n                    <\/div>\n                  <\/div>\n                <\/div>\n              <\/div>\n            <\/div>\n          <\/div>\n        <\/div>\n      <\/div>\n      <div data-colibri-id=\"11884-c6\" class=\"h-row-container gutters-row-lg-2 gutters-row-md-2 gutters-row-0 gutters-row-v-lg-2 gutters-row-v-md-2 gutters-row-v-2 style-13704 style-local-11884-c6 position-relative\">\n        <!---->\n        <div class=\"h-row justify-content-lg-center justify-content-md-center justify-content-center align-items-lg-stretch align-items-md-stretch align-items-stretch gutters-col-lg-2 gutters-col-md-2 gutters-col-0 gutters-col-v-lg-2 gutters-col-v-md-2 gutters-col-v-2\">\n          <!---->\n          <div class=\"h-column h-column-container d-flex h-col-lg-auto h-col-md-auto h-col-auto style-13705-outer style-local-11884-c7-outer\">\n            <div data-colibri-id=\"11884-c7\" class=\"d-flex h-flex-basis h-column__inner h-px-lg-2 h-px-md-2 h-px-2 v-inner-lg-2 v-inner-md-2 v-inner-2 style-13705 style-local-11884-c7 position-relative\">\n              <!---->\n              <!---->\n              <div class=\"w-100 h-y-container h-column__content h-column__v-align flex-basis-100 align-self-lg-start align-self-md-start align-self-start\">\n                <!---->\n                <div data-colibri-id=\"11884-c8\" class=\"h-global-transition-all h-heading style-13706 style-local-11884-c8 position-relative h-element\">\n                  <!---->\n                  <div class=\"h-heading__outer style-13706 style-local-11884-c8\">\n                    <!---->\n                    <!---->\n                    <h4 class=\"\">Animations &amp; Spectacles<\/h4>\n                  <\/div>\n                <\/div>\n              <\/div>\n            <\/div>\n          <\/div>\n        <\/div>\n      <\/div>\n      <div data-colibri-id=\"11884-c9\" class=\"h-row-container gutters-row-lg-2 gutters-row-md-2 gutters-row-0 gutters-row-v-lg-2 gutters-row-v-md-2 gutters-row-v-2 style-13707 style-local-11884-c9 position-relative\">\n        <!---->\n        <div class=\"h-row justify-content-lg-center justify-content-md-center justify-content-center align-items-lg-stretch align-items-md-stretch align-items-stretch gutters-col-lg-2 gutters-col-md-2 gutters-col-0 gutters-col-v-lg-2 gutters-col-v-md-2 gutters-col-v-2\">\n          <!---->\n          <div class=\"h-column h-column-container d-flex h-col-lg-auto h-col-md-auto h-col-auto style-13708-outer style-local-11884-c10-outer\">\n            <div data-colibri-id=\"11884-c10\" class=\"d-flex h-flex-basis h-column__inner h-px-lg-2 h-px-md-2 h-px-2 v-inner-lg-2 v-inner-md-2 v-inner-2 style-13708 style-local-11884-c10 position-relative\">\n              <!---->\n              <!---->\n              <div class=\"w-100 h-y-container h-column__content h-column__v-align flex-basis-100 align-self-lg-start align-self-md-start align-self-start\">\n                <!---->\n                <div data-colibri-id=\"11884-c11\" class=\"h-text h-text-component style-13709 style-local-11884-c11 position-relative h-element\">\n                  <!---->\n                  <!---->\n                  <div class=\"\">\n                    <p>Des animations toute l&rsquo;ann\u00e9e&#8230;<\/p>\n                  <\/div>\n                <\/div>\n              <\/div>\n            <\/div>\n          <\/div>\n        <\/div>\n      <\/div>\n      <div data-colibri-id=\"11884-c12\" class=\"h-row-container gutters-row-lg-2 gutters-row-md-2 gutters-row-0 gutters-row-v-lg-2 gutters-row-v-md-2 gutters-row-v-2 style-13710 style-local-11884-c12 position-relative\">\n        <!---->\n        <div class=\"h-row justify-content-lg-center justify-content-md-center justify-content-center align-items-lg-stretch align-items-md-stretch align-items-stretch gutters-col-lg-2 gutters-col-md-2 gutters-col-0 gutters-col-v-lg-2 gutters-col-v-md-2 gutters-col-v-2\">\n          <!---->\n          <div class=\"h-column h-column-container d-flex h-col-lg-auto h-col-md-auto h-col-auto style-13711-outer style-local-11884-c13-outer\">\n            <div data-colibri-id=\"11884-c13\" class=\"d-flex h-flex-basis h-column__inner h-px-lg-2 h-px-md-2 h-px-2 v-inner-lg-2 v-inner-md-2 v-inner-2 style-13711 style-local-11884-c13 position-relative\">\n              <!---->\n              <!---->\n              <div class=\"w-100 h-y-container h-column__content h-column__v-align flex-basis-100 align-self-lg-start align-self-md-start align-self-start\">\n                <!---->\n                <div data-colibri-id=\"11884-c14\" class=\"h-text h-text-component style-13712 style-local-11884-c14 position-relative h-element\">\n                  <!---->\n                  <!---->\n                  <div class=\"\">\n                    <p>Les projets d&rsquo;animations retenus cette ann\u00e9e permettent \u00e0 la fois de financer les projets scolaires mais surtout de nous retrouver ou de faire connaissance.&nbsp;<\/p>\n                    <p>Le projet p\u00e9dagogique des enseignants, fil rouge de l&rsquo;ann\u00e9e est \u00ab\u00a0Les 5 continents\u00a0\u00bb. on s&rsquo;en est inspir\u00e9 pour cette programmation.<\/p>\n                    <p>Y participer c&rsquo;est soutenir les projets mais aussi les bons moments partag\u00e9s, qui nous rassemblent.<\/p>\n                    <p>Retenez les dates<\/p>\n                  <\/div>\n                <\/div>\n                <div data-colibri-id=\"11884-c19\" class=\"h-divider style-13718 style-local-11884-c19 position-relative h-element\">\n                  <!----><span class=\"h-divider__line style-13718-line style-local-11884-c19-line style-13718-line style-local-11884-c19-line\"><\/span><\/div>\n                <div data-colibri-id=\"11884-c15\" class=\"h-text h-text-component style-13713 style-local-11884-c15 position-relative h-element\">\n                  <!---->\n                  <!---->\n                  <div class=\"\">\n                    <p>6 &amp; 7 mai<\/p>\n                    <p>F\u00eate du village<\/p>\n                  <\/div>\n                <\/div>\n                <div data-colibri-id=\"11884-c20\" class=\"h-divider style-13720 style-local-11884-c20 position-relative h-element\">\n                  <!----><span class=\"h-divider__line style-13720-line style-local-11884-c20-line style-13720-line style-local-11884-c20-line\"><\/span><\/div>\n                <div data-colibri-id=\"11884-c18\" class=\"h-text h-text-component style-13716 style-local-11884-c18 position-relative h-element\">\n                  <!---->\n                  <!---->\n                  <div class=\"\">\n                    <p>26 mai<\/p>\n                    <p>F\u00eates des voisins<\/p>\n                    <p>Auberge espagnole \u00e0 Douville<\/p>\n                  <\/div>\n                <\/div>\n                <div data-colibri-id=\"11884-c21\" class=\"h-divider style-13722 style-local-11884-c21 position-relative h-element\">\n                  <!----><span class=\"h-divider__line style-13722-line style-local-11884-c21-line style-13722-line style-local-11884-c21-line\"><\/span><\/div>\n                <div data-colibri-id=\"11884-c17\" class=\"h-text h-text-component style-13714 style-local-11884-c17 position-relative h-element\">\n                  <!---->\n                  <!---->\n                  <div class=\"\">\n                    <p>Mai 2023<\/p>\n                    <p>Vente des plantes<\/p>\n                  <\/div>\n                <\/div>\n                <div data-colibri-id=\"11884-c22\" class=\"h-divider style-13724 style-local-11884-c22 position-relative h-element\">\n                  <!----><span class=\"h-divider__line style-13724-line style-local-11884-c22-line style-13724-line style-local-11884-c22-line\"><\/span><\/div>\n                <div data-colibri-id=\"11884-c16\" class=\"h-text h-text-component style-13714 style-local-11884-c16 position-relative h-element\">\n                  <!---->\n                  <!---->\n                  <div class=\"\">\n                    <p><strong style=\"font-weight: 900; font-family: Muli; color: rgb(9, 19, 58);\">Sans oublier la f\u00eate des \u00e9coles en fin d&rsquo;ann\u00e9e.<\/strong><\/p>\n                  <\/div>\n                <\/div>\n              <\/div>\n            <\/div>\n          <\/div>\n        <\/div>\n      <\/div>\n    <\/div>\n  <\/div>\n<\/div>","protected":false},"excerpt":{"rendered":"<p>Animations &amp; Spectacles Des animations toute l&rsquo;ann\u00e9e&#8230; Les projets d&rsquo;animations retenus cette ann\u00e9e permettent \u00e0 la fois de financer les projets scolaires mais surtout de nous retrouver ou de faire connaissance.&nbsp; Le projet p\u00e9dagogique des enseignants, fil rouge de l&rsquo;ann\u00e9e est \u00ab\u00a0Les 5 continents\u00a0\u00bb. on s&rsquo;en est inspir\u00e9 pour cette programmation. Y participer c&rsquo;est soutenir [&hellip;]<\/p>\n","protected":false},"author":1,"featured_media":0,"parent":0,"menu_order":0,"comment_status":"closed","ping_status":"closed","template":"page-templates\/full-width-page.php","meta":{"footnotes":""},"folder":[11],"class_list":["post-11884","page","type-page","status-publish","hentry"],"_links":{"self":[{"href":"https:\/\/villagesvip.fr\/index.php?rest_route=\/wp\/v2\/pages\/11884","targetHints":{"allow":["GET"]}}],"collection":[{"href":"https:\/\/villagesvip.fr\/index.php?rest_route=\/wp\/v2\/pages"}],"about":[{"href":"https:\/\/villagesvip.fr\/index.php?rest_route=\/wp\/v2\/types\/page"}],"author":[{"embeddable":true,"href":"https:\/\/villagesvip.fr\/index.php?rest_route=\/wp\/v2\/users\/1"}],"replies":[{"embeddable":true,"href":"https:\/\/villagesvip.fr\/index.php?rest_route=%2Fwp%2Fv2%2Fcomments&post=11884"}],"version-history":[{"count":0,"href":"https:\/\/villagesvip.fr\/index.php?rest_route=\/wp\/v2\/pages\/11884\/revisions"}],"wp:attachment":[{"href":"https:\/\/villagesvip.fr\/index.php?rest_route=%2Fwp%2Fv2%2Fmedia&parent=11884"}],"wp:term":[{"taxonomy":"folder","embeddable":true,"href":"https:\/\/villagesvip.fr\/index.php?rest_route=%2Fwp%2Fv2%2Ffolder&post=11884"}],"curies":[{"name":"wp","href":"https:\/\/api.w.org\/{rel}","templated":true}]}}